{"id":551,"date":"2015-09-12T12:48:42","date_gmt":"2015-09-12T10:48:42","guid":{"rendered":"http:\/\/canissanum.de\/test2\/?post_type=product&#038;p=551"},"modified":"2025-08-01T17:32:51","modified_gmt":"2025-08-01T15:32:51","slug":"dr-alders-zink-tabs-vitamin-c-und-e-120g","status":"publish","type":"product","link":"http:\/\/canissanum.de\/shop\/produkt\/dr-alders-zink-tabs-vitamin-c-und-e-120g\/","title":{"rendered":"Dr. Alder\u00b4s Zink Tabs + Vitamin C und E, 120g"},"content":{"rendered":"<p>Erg\u00e4nzungsfuttermittel<br \/>\nDr. Alder\u00b4s Zink Tabs + Vitamin C und E. Zur t\u00e4glichen Zinkversorgung. Zink Tabs &#8211; f\u00f6rdern eine gesunde Haut und ein gesundes dichtes Haarkleid. &#8211; st\u00e4rken das Immunsystem, &#8211; aktivieren den Hormonstoffwechsel. Zink ist eine bedeutsames Spurenelement. Es aktiviert und steuert 200 lebenswichtige Stoffwechselleistungen und ist u.a. wichtig f\u00fcr Haut und Fell. Es kommt im Hundek\u00f6rper in erheblicher Konzentration vor. Ein Zinkmangel kann zu Hautl\u00e4sionen wie Erythema, Alopezie, Krusten, Schuppen und Sekund\u00e4rinfektionen f\u00fchren. Neben einer Schw\u00e4chung der k\u00f6rpereigenen Abwehrkr\u00e4fte f\u00fchrt Zinkmangel auch zu Wachstums- und Fruchtbarkeitsst\u00f6rungen. Zinkmangel kann entstehen bei Tieren, die an chronischen oder entz\u00fcndlichen Erkrankungen leiden, oder wen die Zinkaufnahme im Darm durch erh\u00f6hte Calciumgabe oder \u00fcberm\u00e4ssige Getreidef\u00fctterung verhindert wird. Bei verschiedenen Hunderassen, wie z.B. Bullterrier, Deutsche Dogge, Dobermann, Sibirian Husky, Alaska Malamute u.s.w., ist auch eine genetisch bedingte St\u00f6rung der Zinkabsorption zu beobachten. Dies alles f\u00fchrt zu einem erh\u00f6hten Zinkbedarf. Die Zink Tabs mit Zinkchelat sind vom K\u00f6rper leicht aufnehmbar und enthalten zus\u00e4tzlich Vitamin C und E zum optimalen antioxidativen Schutz der K\u00f6rperzellen. Die Zink Tabs sind 100% nat\u00fcrlich, schmacken den Hunden besonders gut und k\u00f6nnen bedenkenlos \u00fcber einen l\u00e4ngeren zeitraum verabreicht werden. Anwendung: Zur Behebung von Zinkdefiziten und bei: Diabetes, Leber-, Herz- und Nierenerkrankungen, Bauchspeicheldr\u00fcseninsuffiziens, rheumatischer Arthritis, Dermatitis, verz\u00f6gerter Wundheilung, Haarauasfall, Wachstumsst\u00f6rungen, Fruchtbarkeitsst\u00f6rungen, Infektionsanf\u00e4lligkeit. Erg\u00e4nzungsfuttermittel f\u00fcr Hunde zur t\u00e4glichen Zinkversorgung.<\/p>\n","protected":false},"excerpt":{"rendered":"<p>Dr. Alder\u00b4s Zink Tabs + Vitamin C und E, 120g<\/p>\n","protected":false},"featured_media":573,"comment_status":"open","ping_status":"closed","template":"","meta":[],"product_cat":[95],"product_tag":[241,237,243,238,224,233,234,240,236,239,242,235],"_links":{"self":[{"href":"http:\/\/canissanum.de\/shop\/wp-json\/wp\/v2\/product\/551"}],"collection":[{"href":"http:\/\/canissanum.de\/shop\/wp-json\/wp\/v2\/product"}],"about":[{"href":"http:\/\/canissanum.de\/shop\/wp-json\/wp\/v2\/types\/product"}],"replies":[{"embeddable":true,"href":"http:\/\/canissanum.de\/shop\/wp-json\/wp\/v2\/comments?post=551"}],"wp:featuredmedia":[{"embeddable":true,"href":"http:\/\/canissanum.de\/shop\/wp-json\/wp\/v2\/media\/573"}],"wp:attachment":[{"href":"http:\/\/canissanum.de\/shop\/wp-json\/wp\/v2\/media?parent=551"}],"wp:term":[{"taxonomy":"product_cat","embeddable":true,"href":"http:\/\/canissanum.de\/shop\/wp-json\/wp\/v2\/product_cat?post=551"},{"taxonomy":"product_tag","embeddable":true,"href":"http:\/\/canissanum.de\/shop\/wp-json\/wp\/v2\/product_tag?post=551"}],"curies":[{"name":"wp","href":"https:\/\/api.w.org\/{rel}","templated":true}]}}