{"id":544,"date":"2015-09-12T12:35:55","date_gmt":"2015-09-12T10:35:55","guid":{"rendered":"http:\/\/canissanum.de\/test2\/?post_type=product&#038;p=544"},"modified":"2025-08-01T17:34:11","modified_gmt":"2025-08-01T15:34:11","slug":"dr-alders-naturkraeutermix-biotin-375g","status":"publish","type":"product","link":"http:\/\/canissanum.de\/shop\/produkt\/dr-alders-naturkraeutermix-biotin-375g\/","title":{"rendered":"Dr. Alder\u00b4s Naturkr\u00e4utermix + Biotin, 375g"},"content":{"rendered":"<p>Erg\u00e4nzungsfuttermittel<br \/>\nDr. Alder\u00b4s Naturkr\u00e4utermix mit Biotin. Nat\u00fcrliches Erg\u00e4nzungsfutter f\u00fcr Hunde. F\u00fcr Haut, Fell, Stoffwechsel, Knochen, B\u00e4nder und Sehnen. Juckreis, Hautschuppen, stumpfes Fell, kahle Stellen im Fell, anhaltendes Abhaaren, Gliederschmerzen, Allergien &#8211; Dies alles k\u00f6nnen Anzeichen von Mangelerscheinungen sein, deren Ursache meist in einer gest\u00f6rten Verdauung und einem nicht optimal funktionierenden Stoffwechsel liegt. Selbst wenn Sie eine hochwertige Vollnahrung f\u00fcttern, k\u00f6nnen Verdauungs- und Stoffwechselst\u00f6rungen Mangelerscheinungen hervorrufen, weil Ihr Hund nicht in der Lage ist, alle lebensnotwendigen N\u00e4hrstoffe aus der Nahrung aufzunehmen. Um die Verdauung und den Stoffwechsel bei Ihrem Hund zu verbessern, m\u00fcssen zuerst alle Giftstoffe (Toxine) aus dem K\u00f6rper abgef\u00fchrt werden. Diese sind durch schlechte Verdauung und Stoffwechsel entstanden, wodurch Leber, Nieren und D\u00e4rme mit beim Verdauungsprozess anfallenden Abbauprodukten ges\u00e4ttigt sind. Dr. Alder\u00b4s Naturkr\u00e4uter sind sorgf\u00e4ltig ausgesuchte , die die k\u00f6rpereigenen Stoffwechselprozesse unterst\u00fctzen und optimieren. Die spezielle Kr\u00e4utermischung hilft den K\u00f6rper zu entschlacken und verbessert die Darmflora. Die im K\u00f6rper vrohandenen Giftstoffe werden \u00fcber die Nieren ausgeschieden. Nach dieser inneren K\u00f6rperreinigung ist Ihr Hund in der Lage, die angebotene Nahrung besser zu verdauen, die f\u00fcr ihn notwendigen N\u00e4hrstoffe im Verdauungsprozess aufzunehmen und den K\u00f6rperzellen zur Behebung der M\u00e4ngel zuzuf\u00fchren. Die speziellen Naturkr\u00e4uter sind als Naturkr\u00e4utermix mit Biotin in Pulverform erh\u00e4ltlich und werden unter das eingeweichte Trocken &#8211; oder Dosenfutter gegeben (14g = 2 Messl\u00f6ffel\/Tag). Nat\u00fcrlich ist Dr. Alder\u00b4s Naturkr\u00e4utermix auch ebenso f\u00fcr gesunde Hunde geeignet. Denn: Vorbeugen ist besser als Heilen! Selbst wenn Ihr Hund augenscheinlich gesund wirkt, empfehlen wir, zur Vorbeugung t\u00e4glich Dr. Alder\u00b4s Naturkr\u00e4utermix zu f\u00fcttern. Die t\u00e4gliche Anwendung von Dr. Alder\u00b4s Naturkr\u00e4utermix neben einer guten Vollnahrung sorgt f\u00fcr: eine verbesserte Verwertung der aufgenommenen Nahrung, ein gl\u00e4nzendes Fell und gesunde Haut, einen gesunden Knochen- und Knorpelaufbau, einen optimalen Stoffwechsel, eine bessere Durchblutung von Sehnen, B\u00e4ndern und Muskeln, Regulierung und Reinigung des Verdauungstraktes und Abtransport sch\u00e4dlicher Stoffe, Unterst\u00fctzung der eigenen Abwehrkr\u00e4fte bei Allergien.<br \/>\nDr. Alder\u00b4s Naturkr\u00e4utermix ist ein nat\u00fcrlicher Nahrungskatalysator auf phytotherapeutischer Basis unter Zusatz von Biotin (Vitamin H). Es enth\u00e4lt keine Konservierungsstoffe. Die in dieser Heilkr\u00e4utermischung enthaltenen Vitamine sind deshalb begrenzt haltbar und d\u00fcrfen nicht \u00fcber 40\u00b0C erhitzt werden.<\/p>\n","protected":false},"excerpt":{"rendered":"<p>Dr. Alder\u00b4s Naturkr\u00e4utermix + Biotin, 375g<\/p>\n","protected":false},"featured_media":576,"comment_status":"open","ping_status":"closed","template":"","meta":[],"product_cat":[95],"product_tag":[259,261,224,256,151,255,258,86,254,210,257,260],"_links":{"self":[{"href":"http:\/\/canissanum.de\/shop\/wp-json\/wp\/v2\/product\/544"}],"collection":[{"href":"http:\/\/canissanum.de\/shop\/wp-json\/wp\/v2\/product"}],"about":[{"href":"http:\/\/canissanum.de\/shop\/wp-json\/wp\/v2\/types\/product"}],"replies":[{"embeddable":true,"href":"http:\/\/canissanum.de\/shop\/wp-json\/wp\/v2\/comments?post=544"}],"wp:featuredmedia":[{"embeddable":true,"href":"http:\/\/canissanum.de\/shop\/wp-json\/wp\/v2\/media\/576"}],"wp:attachment":[{"href":"http:\/\/canissanum.de\/shop\/wp-json\/wp\/v2\/media?parent=544"}],"wp:term":[{"taxonomy":"product_cat","embeddable":true,"href":"http:\/\/canissanum.de\/shop\/wp-json\/wp\/v2\/product_cat?post=544"},{"taxonomy":"product_tag","embeddable":true,"href":"http:\/\/canissanum.de\/shop\/wp-json\/wp\/v2\/product_tag?post=544"}],"curies":[{"name":"wp","href":"https:\/\/api.w.org\/{rel}","templated":true}]}}